{"id":784,"date":"2018-01-11T21:07:37","date_gmt":"2018-01-11T20:07:37","guid":{"rendered":"http:\/\/mayrk.synology.me\/wordpress\/?page_id=784"},"modified":"2018-01-14T17:20:21","modified_gmt":"2018-01-14T16:20:21","slug":"kontakt","status":"publish","type":"page","link":"https:\/\/mayrk.synology.me\/wordpress\/kontakt\/","title":{"rendered":"\u00dcber uns"},"content":{"rendered":"<p><strong>BachMayrs<\/strong> ist ein Kunstname und besteht aus dem Familiennamen meiner lieben Frau Ingrid <strong>Bach<\/strong> und meines Familiennamens Kurt <strong>Mayr<\/strong>.<\/p>\n<p><img loading=\"lazy\" decoding=\"async\" data-attachment-id=\"1711\" data-permalink=\"https:\/\/mayrk.synology.me\/wordpress\/kontakt\/img_4753\/\" data-orig-file=\"https:\/\/mayrk.synology.me\/wordpress\/wp-content\/uploads\/2018\/01\/IMG_4753.jpg\" data-orig-size=\"1544,2032\" data-comments-opened=\"1\" data-image-meta=\"{&quot;aperture&quot;:&quot;5&quot;,&quot;credit&quot;:&quot;BachMayr&#039;s&quot;,&quot;camera&quot;:&quot;Canon EOS 6D&quot;,&quot;caption&quot;:&quot;&quot;,&quot;created_timestamp&quot;:&quot;1514648250&quot;,&quot;copyright&quot;:&quot;BachMayr&#039;s&quot;,&quot;focal_length&quot;:&quot;50&quot;,&quot;iso&quot;:&quot;1600&quot;,&quot;shutter_speed&quot;:&quot;0.04&quot;,&quot;title&quot;:&quot;&quot;,&quot;orientation&quot;:&quot;1&quot;}\" data-image-title=\"IMG_4753\" data-image-description=\"\" data-image-caption=\"\" data-medium-file=\"https:\/\/mayrk.synology.me\/wordpress\/wp-content\/uploads\/2018\/01\/IMG_4753-228x300.jpg\" data-large-file=\"https:\/\/mayrk.synology.me\/wordpress\/wp-content\/uploads\/2018\/01\/IMG_4753-778x1024.jpg\" class=\" wp-image-1711 alignright\" src=\"http:\/\/mayrk.synology.me\/wordpress\/wp-content\/uploads\/2018\/01\/IMG_4753-778x1024.jpg\" alt=\"\" width=\"299\" height=\"394\" srcset=\"https:\/\/mayrk.synology.me\/wordpress\/wp-content\/uploads\/2018\/01\/IMG_4753-778x1024.jpg 778w, https:\/\/mayrk.synology.me\/wordpress\/wp-content\/uploads\/2018\/01\/IMG_4753-228x300.jpg 228w, https:\/\/mayrk.synology.me\/wordpress\/wp-content\/uploads\/2018\/01\/IMG_4753-768x1011.jpg 768w, https:\/\/mayrk.synology.me\/wordpress\/wp-content\/uploads\/2018\/01\/IMG_4753-848x1116.jpg 848w, https:\/\/mayrk.synology.me\/wordpress\/wp-content\/uploads\/2018\/01\/IMG_4753-1000x1316.jpg 1000w, https:\/\/mayrk.synology.me\/wordpress\/wp-content\/uploads\/2018\/01\/IMG_4753-310x408.jpg 310w, https:\/\/mayrk.synology.me\/wordpress\/wp-content\/uploads\/2018\/01\/IMG_4753.jpg 1544w\" sizes=\"auto, (max-width: 299px) 100vw, 299px\" \/><\/p>\n<p>Zuhause sind wir in Bisamberg, einer 5000 Seelen Gemeinde am nord\u00f6stlichen Stadtrand von Wien. Beide sind wir leidenschaftlich gerne auf Reisen und haben seit einiger Zeit auch die Liebe zur Fotografie und in meinem Fall auch zum Videofilmen entdeckt.<\/p>\n<p>Da es sich f\u00fcr den Videoschnitt sehr bew\u00e4hrt hat das Erlebte auch zu dokumentieren haben wir zumindest bei unseren letzten gr\u00f6\u00dferen Reisen\u00a0 unsere Erlebnisse\u00a0in Form eines Reiseblogs festgehalten.<\/p>\n<p>&nbsp;<\/p>\n","protected":false},"excerpt":{"rendered":"<p>BachMayrs ist ein Kunstname und besteht aus dem Familiennamen meiner lieben Frau Ingrid Bach und meines Familiennamens Kurt Mayr. Zuhause sind wir in Bisamberg, einer 5000 Seelen Gemeinde am nord\u00f6stlichen Stadtrand von Wien. Beide sind wir leidenschaftlich gerne auf Reisen und haben seit einiger Zeit auch die Liebe zur Fotografie und in meinem Fall auch&#8230;<\/p>\n","protected":false},"author":1,"featured_media":0,"parent":0,"menu_order":0,"comment_status":"closed","ping_status":"closed","template":"","meta":{"jetpack_post_was_ever_published":false,"footnotes":""},"class_list":["post-784","page","type-page","status-publish","hentry"],"jetpack_sharing_enabled":true,"jetpack_shortlink":"https:\/\/wp.me\/P9eVnI-cE","jetpack_likes_enabled":true,"_links":{"self":[{"href":"https:\/\/mayrk.synology.me\/wordpress\/wp-json\/wp\/v2\/pages\/784","targetHints":{"allow":["GET"]}}],"collection":[{"href":"https:\/\/mayrk.synology.me\/wordpress\/wp-json\/wp\/v2\/pages"}],"about":[{"href":"https:\/\/mayrk.synology.me\/wordpress\/wp-json\/wp\/v2\/types\/page"}],"author":[{"embeddable":true,"href":"https:\/\/mayrk.synology.me\/wordpress\/wp-json\/wp\/v2\/users\/1"}],"replies":[{"embeddable":true,"href":"https:\/\/mayrk.synology.me\/wordpress\/wp-json\/wp\/v2\/comments?post=784"}],"version-history":[{"count":6,"href":"https:\/\/mayrk.synology.me\/wordpress\/wp-json\/wp\/v2\/pages\/784\/revisions"}],"predecessor-version":[{"id":1717,"href":"https:\/\/mayrk.synology.me\/wordpress\/wp-json\/wp\/v2\/pages\/784\/revisions\/1717"}],"wp:attachment":[{"href":"https:\/\/mayrk.synology.me\/wordpress\/wp-json\/wp\/v2\/media?parent=784"}],"curies":[{"name":"wp","href":"https:\/\/api.w.org\/{rel}","templated":true}]}}